{"id":9416,"date":"2023-11-01T16:49:41","date_gmt":"2023-11-01T16:49:41","guid":{"rendered":"https:\/\/ansevictorin.com\/ready-to-wear\/"},"modified":"2025-06-24T19:36:01","modified_gmt":"2025-06-24T19:36:01","slug":"ready-to-wear","status":"publish","type":"page","link":"https:\/\/ansevictorin.com\/en\/ready-to-wear\/","title":{"rendered":"Ready to wear"},"content":{"rendered":"\t\t<div data-elementor-type=\"wp-page\" data-elementor-id=\"9416\" class=\"elementor elementor-9416 elementor-2872\" data-elementor-post-type=\"page\">\n\t\t\t\t<div class=\"elementor-element elementor-element-7a5f5159 e-flex e-con-boxed e-con e-parent\" data-id=\"7a5f5159\" data-element_type=\"container\" data-e-type=\"container\" data-settings=\"{&quot;jet_parallax_layout_list&quot;:[]}\">\n\t\t\t\t\t<div class=\"e-con-inner\">\n\t\t<div class=\"elementor-element elementor-element-67304e1c e-con-full e-flex e-con e-child\" data-id=\"67304e1c\" data-element_type=\"container\" data-e-type=\"container\" data-settings=\"{&quot;jet_parallax_layout_list&quot;:[]}\">\n\t\t\t\t<div class=\"elementor-element elementor-element-7e72a754 elementor-widget elementor-widget-woocommerce-breadcrumb\" data-id=\"7e72a754\" data-element_type=\"widget\" data-e-type=\"widget\" data-widget_type=\"woocommerce-breadcrumb.default\">\n\t\t\t\t\t<nav class=\"woocommerce-breadcrumb\" aria-label=\"Breadcrumb\">Home<\/nav>\t\t\t\t<\/div>\n\t\t\t\t<div class=\"elementor-element elementor-element-3afaa36e elementor-hidden-desktop elementor-hidden-tablet elementor-hidden-mobile elementor-widget elementor-widget-theme-site-title elementor-widget-heading\" data-id=\"3afaa36e\" data-element_type=\"widget\" data-e-type=\"widget\" data-widget_type=\"theme-site-title.default\">\n\t\t\t\t\t<h1 class=\"elementor-heading-title elementor-size-default\"><a href=\"https:\/\/ansevictorin.com\/en\/\">Anse Victorin<\/a><\/h1>\t\t\t\t<\/div>\n\t\t\t\t<\/div>\n\t\t\t\t\t<\/div>\n\t\t\t\t<\/div>\n\t\t<div class=\"elementor-element elementor-element-5b46985c e-flex e-con-boxed e-con e-parent\" data-id=\"5b46985c\" data-element_type=\"container\" data-e-type=\"container\" data-settings=\"{&quot;jet_parallax_layout_list&quot;:[]}\">\n\t\t\t\t\t<div class=\"e-con-inner\">\n\t\t<div class=\"elementor-element elementor-element-769ccf5a e-con-full e-flex e-con e-child\" data-id=\"769ccf5a\" data-element_type=\"container\" data-e-type=\"container\" data-settings=\"{&quot;jet_parallax_layout_list&quot;:[]}\">\n\t\t\t\t<div class=\"elementor-element elementor-element-4853dfe3 elementor-widget elementor-widget-text-editor\" data-id=\"4853dfe3\" data-element_type=\"widget\" data-e-type=\"widget\" data-widget_type=\"text-editor.default\">\n\t\t\t\t\t\t\t\t\t<p>Discover our beach couture collection: airy dresses, delicate blouses and sophisticated tops, shorts and swimwear for a stylish appearance on your summer holiday Immerse yourself in the world of Anse Victorin!<\/p>\t\t\t\t\t\t\t\t<\/div>\n\t\t\t\t<\/div>\n\t\t\t\t\t<\/div>\n\t\t\t\t<\/div>\n\t\t<div class=\"elementor-element elementor-element-24481fb9 e-grid e-con-boxed e-con e-parent\" data-id=\"24481fb9\" data-element_type=\"container\" data-e-type=\"container\" data-settings=\"{&quot;jet_parallax_layout_list&quot;:[]}\">\n\t\t\t\t\t<div class=\"e-con-inner\">\n\t\t<div class=\"elementor-element elementor-element-94a8e6b e-flex e-con-boxed e-con e-child\" data-id=\"94a8e6b\" data-element_type=\"container\" data-e-type=\"container\" data-settings=\"{&quot;background_background&quot;:&quot;classic&quot;,&quot;jet_parallax_layout_list&quot;:[]}\">\n\t\t\t\t\t<div class=\"e-con-inner\">\n\t\t<a class=\"elementor-element elementor-element-7bcda0a5 e-flex e-con-boxed e-con e-child\" data-id=\"7bcda0a5\" data-element_type=\"container\" data-e-type=\"container\" data-settings=\"{&quot;jet_parallax_layout_list&quot;:[]}\" href=\"https:\/\/ansevictorin.com\/en\/kategorie\/ready-to-wear\/tops-und-blusen\/\">\n\t\t\t\t\t<div class=\"e-con-inner\">\n\t\t\t\t<div class=\"elementor-element elementor-element-28e6b628 text-underlined-white elementor-widget elementor-widget-heading\" data-id=\"28e6b628\" data-element_type=\"widget\" data-e-type=\"widget\" data-widget_type=\"heading.default\">\n\t\t\t\t\t<h3 class=\"elementor-heading-title elementor-size-default\">Tops &amp; blouses<\/h3>\t\t\t\t<\/div>\n\t\t\t\t\t<\/div>\n\t\t\t\t<\/a>\n\t\t\t\t\t<\/div>\n\t\t\t\t<\/div>\n\t\t<div class=\"elementor-element elementor-element-65674311 e-flex e-con-boxed e-con e-child\" data-id=\"65674311\" data-element_type=\"container\" data-e-type=\"container\" data-settings=\"{&quot;background_background&quot;:&quot;classic&quot;,&quot;jet_parallax_layout_list&quot;:[]}\">\n\t\t\t\t\t<div class=\"e-con-inner\">\n\t\t<a class=\"elementor-element elementor-element-3a32d535 e-flex e-con-boxed e-con e-child\" data-id=\"3a32d535\" data-element_type=\"container\" data-e-type=\"container\" data-settings=\"{&quot;jet_parallax_layout_list&quot;:[]}\" href=\"https:\/\/ansevictorin.com\/en\/kategorie\/ready-to-wear\/kleider\/\">\n\t\t\t\t\t<div class=\"e-con-inner\">\n\t\t\t\t<div class=\"elementor-element elementor-element-466df308 text-underlined-white elementor-widget elementor-widget-heading\" data-id=\"466df308\" data-element_type=\"widget\" data-e-type=\"widget\" data-widget_type=\"heading.default\">\n\t\t\t\t\t<h3 class=\"elementor-heading-title elementor-size-default\">Dresses<\/h3>\t\t\t\t<\/div>\n\t\t\t\t\t<\/div>\n\t\t\t\t<\/a>\n\t\t\t\t\t<\/div>\n\t\t\t\t<\/div>\n\t\t<div class=\"elementor-element elementor-element-4b3ce0d0 e-flex e-con-boxed e-con e-child\" data-id=\"4b3ce0d0\" data-element_type=\"container\" data-e-type=\"container\" data-settings=\"{&quot;background_background&quot;:&quot;classic&quot;,&quot;jet_parallax_layout_list&quot;:[]}\">\n\t\t\t\t\t<div class=\"e-con-inner\">\n\t\t<a class=\"elementor-element elementor-element-6a27d64f e-flex e-con-boxed e-con e-child\" data-id=\"6a27d64f\" data-element_type=\"container\" data-e-type=\"container\" data-settings=\"{&quot;jet_parallax_layout_list&quot;:[]}\" href=\"https:\/\/ansevictorin.com\/en\/kategorie\/ready-to-wear\/kaftans\/\">\n\t\t\t\t\t<div class=\"e-con-inner\">\n\t\t\t\t<div class=\"elementor-element elementor-element-32721d8 text-underlined-white elementor-widget elementor-widget-heading\" data-id=\"32721d8\" data-element_type=\"widget\" data-e-type=\"widget\" data-widget_type=\"heading.default\">\n\t\t\t\t\t<h3 class=\"elementor-heading-title elementor-size-default\">Caftans<\/h3>\t\t\t\t<\/div>\n\t\t\t\t\t<\/div>\n\t\t\t\t<\/a>\n\t\t\t\t\t<\/div>\n\t\t\t\t<\/div>\n\t\t\t\t\t<\/div>\n\t\t\t\t<\/div>\n\t\t<div class=\"elementor-element elementor-element-f0cf484 e-grid e-con-boxed e-con e-parent\" data-id=\"f0cf484\" data-element_type=\"container\" data-e-type=\"container\" data-settings=\"{&quot;jet_parallax_layout_list&quot;:[]}\">\n\t\t\t\t\t<div class=\"e-con-inner\">\n\t\t<div class=\"elementor-element elementor-element-9a0a80a e-flex e-con-boxed e-con e-child\" data-id=\"9a0a80a\" data-element_type=\"container\" data-e-type=\"container\" data-settings=\"{&quot;background_background&quot;:&quot;classic&quot;,&quot;jet_parallax_layout_list&quot;:[]}\">\n\t\t\t\t\t<div class=\"e-con-inner\">\n\t\t<a class=\"elementor-element elementor-element-74c8383 e-flex e-con-boxed e-con e-child\" data-id=\"74c8383\" data-element_type=\"container\" data-e-type=\"container\" data-settings=\"{&quot;jet_parallax_layout_list&quot;:[]}\" href=\"https:\/\/ansevictorin.com\/en\/kategorie\/ready-to-wear\/hosen-und-shorts\/\">\n\t\t\t\t\t<div class=\"e-con-inner\">\n\t\t\t\t<div class=\"elementor-element elementor-element-dd2e7a6 text-underlined-white elementor-widget elementor-widget-heading\" data-id=\"dd2e7a6\" data-element_type=\"widget\" data-e-type=\"widget\" data-widget_type=\"heading.default\">\n\t\t\t\t\t<h3 class=\"elementor-heading-title elementor-size-default\">Pants &amp; Shorts<\/h3>\t\t\t\t<\/div>\n\t\t\t\t\t<\/div>\n\t\t\t\t<\/a>\n\t\t\t\t\t<\/div>\n\t\t\t\t<\/div>\n\t\t<div class=\"elementor-element elementor-element-bf3cce2 e-flex e-con-boxed e-con e-child\" data-id=\"bf3cce2\" data-element_type=\"container\" data-e-type=\"container\" data-settings=\"{&quot;background_background&quot;:&quot;classic&quot;,&quot;jet_parallax_layout_list&quot;:[]}\">\n\t\t\t\t\t<div class=\"e-con-inner\">\n\t\t<a class=\"elementor-element elementor-element-3306aaa e-flex e-con-boxed e-con e-child\" data-id=\"3306aaa\" data-element_type=\"container\" data-e-type=\"container\" data-settings=\"{&quot;jet_parallax_layout_list&quot;:[]}\" href=\"https:\/\/ansevictorin.com\/en\/kategorie\/ready-to-wear\/roecke\/\">\n\t\t\t\t\t<div class=\"e-con-inner\">\n\t\t\t\t<div class=\"elementor-element elementor-element-1ee0272 text-underlined-white elementor-widget elementor-widget-heading\" data-id=\"1ee0272\" data-element_type=\"widget\" data-e-type=\"widget\" data-widget_type=\"heading.default\">\n\t\t\t\t\t<h3 class=\"elementor-heading-title elementor-size-default\">Skirts<\/h3>\t\t\t\t<\/div>\n\t\t\t\t\t<\/div>\n\t\t\t\t<\/a>\n\t\t\t\t\t<\/div>\n\t\t\t\t<\/div>\n\t\t<div class=\"elementor-element elementor-element-b1ada93 e-flex e-con-boxed e-con e-child\" data-id=\"b1ada93\" data-element_type=\"container\" data-e-type=\"container\" data-settings=\"{&quot;background_background&quot;:&quot;classic&quot;,&quot;jet_parallax_layout_list&quot;:[]}\">\n\t\t\t\t\t<div class=\"e-con-inner\">\n\t\t<a class=\"elementor-element elementor-element-fbacfea e-flex e-con-boxed e-con e-child\" data-id=\"fbacfea\" data-element_type=\"container\" data-e-type=\"container\" data-settings=\"{&quot;jet_parallax_layout_list&quot;:[]}\" href=\"https:\/\/ansevictorin.com\/en\/kategorie\/ready-to-wear\/limited-edition\/\">\n\t\t\t\t\t<div class=\"e-con-inner\">\n\t\t\t\t<div class=\"elementor-element elementor-element-ad1a13c text-underlined-white elementor-widget elementor-widget-heading\" data-id=\"ad1a13c\" data-element_type=\"widget\" data-e-type=\"widget\" data-widget_type=\"heading.default\">\n\t\t\t\t\t<h3 class=\"elementor-heading-title elementor-size-default\">Limited Edition<\/h3>\t\t\t\t<\/div>\n\t\t\t\t\t<\/div>\n\t\t\t\t<\/a>\n\t\t\t\t\t<\/div>\n\t\t\t\t<\/div>\n\t\t\t\t\t<\/div>\n\t\t\t\t<\/div>\n\t\t<div class=\"elementor-element elementor-element-f511f2e e-flex e-con-boxed e-con e-parent\" data-id=\"f511f2e\" data-element_type=\"container\" data-e-type=\"container\" data-settings=\"{&quot;jet_parallax_layout_list&quot;:[]}\">\n\t\t\t\t\t<div class=\"e-con-inner\">\n\t\t<div class=\"elementor-element elementor-element-2e90d02 e-con-full e-flex e-con e-child\" data-id=\"2e90d02\" data-element_type=\"container\" data-e-type=\"container\" data-settings=\"{&quot;jet_parallax_layout_list&quot;:[]}\">\n\t\t\t\t<div class=\"elementor-element elementor-element-a7e3f8e style-links elementor-widget elementor-widget-text-editor\" data-id=\"a7e3f8e\" data-element_type=\"widget\" data-e-type=\"widget\" data-widget_type=\"text-editor.default\">\n\t\t\t\t\t\t\t\t\t<h1>Elegante Sommerkleider aus edelsten Stoffen<\/h1><p>Das moderne und gleichzeitig zeitlose Design unserer Kleider ist das Ergebnis von vollendeter Schneiderkunst und h\u00f6chster Qualit\u00e4tsanspr\u00fcche in der Auswahl der Materialien. Bei Anse Victorin verwenden wir nur die hochwertigsten Stoffe, darunter Seide, Leinen und andere feine Materialien, um die beste Qualit\u00e4t und den h\u00f6chsten Tragekomfort zu garantieren. Alle unsere Designer Kleider werden in Italien und Frankreich gefertigt.<\/p><p>Unsere Kleider spiegeln die Freude, Eleganz und Leichtigkeit des Lebens an der K\u00fcste wider \u2013 und jedes Luxus Kleid erz\u00e4hlt seine eigene Geschichte.<\/p><h2>Festliche Kleider f\u00fcr besondere Anl\u00e4sse<\/h2><p>Entdecken Sie unsere Luxus Sommerkleider in aufw\u00e4ndigen, edlen Designs, die sich perfekt eignen f\u00fcr festliche Anl\u00e4sse! Sie sind noch auf der Suche nach dem perfekten Wedding Guest Dress? Bei Anse Victorin bieten wir eine Vielzahl an edlen, aufw\u00e4ndig gearbeiteten Sommerkleidern in zarten Pastellfarben f\u00fcr einen unvergesslichen, stilvollen Auftritt! Die zartflie\u00dfenden Stoffe und edlen Silhouetten werden Sie begeistern!<\/p><h2>Luxus Party Kleider f\u00fcr unvergessliche Sommern\u00e4chte<\/h2><p>Aufregende Luxus Party Kleider im Ibiza Style: Mit den Designer Cocktailkleidern von Anse Victorin ziehen Sie alle Blicke auf sich, ob im angesagten Beachclub oder bei der Dinnerparty auf einer Yacht. Sie suchen ein elegantes Cocktailkleid, das sowohl stilvoll als auch luxuri\u00f6s ist? Die glamour\u00f6sen Designs von Anse Victorin verzaubern mit atemberaubenden und aufw\u00e4ndigen Details wie echten Strau\u00dfenfedern, raffinierten Cut-Outs und zartflie\u00dfenden Stoffen. Entdecken Sie jetzt die edlen Partykleider von Anse Victorin online!<\/p><h2>Edle Designerkleider in den sch\u00f6nsten Farben des Sommers<\/h2><p>Erleben Sie einen Sommer, der niemals endet, mit den Luxus Sommerkleidern von Anse Victorin! Die edlen Kreationen, die inspiriert sind von franz\u00f6sischer und italienischer Mode, erstrahlen in allen Farben des Sommers! Entdecken Sie die zartrosa Sch\u00f6nheit einer Sommerblume im edlen Melody Kleid in Pink oder alle Farben eines Sonnenuntergangs am Meer, vereint im luxuri\u00f6sen Carla Kleid Floral Nude. Unsere exklusiven Sommerkleider vereinen Stil und Eleganz in vollendetem Design. Die hochqualitativen und feinen Stoffe aus Italien und Frankreich sind nicht nur atemberaubend sch\u00f6n, sondern auch angenehm zart auf der Haut \u2013 f\u00fcr ein sommerlich leichtes Tragegef\u00fchl! Entdecken Sie jetzt die Vielfalt und Exklusivit\u00e4t der Sommerkleider von Anse Victorin und finden Sie das perfekte Kleid, das Ihre Eleganz und Pers\u00f6nlichkeit unterstreicht.<\/p><h2>Luxus Sommerkleider f\u00fcr Damen jetzt bestellen<\/h2><p>Die edlen Sommerkleider von Anse Victorin bestechen mit Raffinesse und zeitloser Eleganz: Luxuri\u00f6se Stoffe aus Italien und Frankreich und hochwertige Verarbeitung zaubern perfekte Sommerlooks in den strahlenden Farben eines Sommers, der niemals endet. Egal ob Sie ein festliches Kleid f\u00fcr eine Hochzeit oder einen besonderen Anlass suchen, oder ein sommerlich-leichtes Luxus Cocktailkleid f\u00fcr den Beach Club \u2013 mit einem Kleid von Anse Victorin treffen Sie stets die richtige Wahl. Raffinierte Schnitte, feminine Silhouetten und zartflie\u00dfende Stoffe umschmeicheln sanft Ihre Figur und unterstreichen Ihre nat\u00fcrliche Sch\u00f6nheit. Die sommerlichen Farben der der eleganten Sommerkleider von Anse Victorin wirken besonders sch\u00f6n auf zart gebr\u00e4unter Haut und bringen jede Frau zum Strahlen. Kombinieren Sie unsere Kleider mit zarten <a href=\"https:\/\/ansevictorin.com\/kategorie\/accessoires\/\">Accessoires<\/a> und komplettieren Sie so ihren vollendet-eleganten Sommerlook!<\/p><h2>Elegante Sommer-Looks mit Anse Victorin<\/h2><p>Tauchen Sie ein in die Welt von <a href=\"https:\/\/ansevictorin.com\/\">Anse Victorin<\/a> und entdecken Sie die <a href=\"https:\/\/ansevictorin.com\/kategorie\/cote-damour\/\">C\u00f4te d\u2019Amour Kollektion<\/a>. Neben Kleidern k\u00f6nnen Sie in unserem Online-Shop auch exklusive <a href=\"https:\/\/ansevictorin.com\/kategorie\/ready-to-wear\/tops-und-blusen\/\">Tops und Blusen<\/a>, <a href=\"https:\/\/ansevictorin.com\/kategorie\/ready-to-wear\/roecke\/\">R\u00f6cke<\/a>, <a href=\"https:\/\/ansevictorin.com\/kategorie\/ready-to-wear\/kaftans\/\">Kaftans<\/a> und <a href=\"https:\/\/ansevictorin.com\/swimwear\/\">Luxury Swimwear<\/a> entdecken, und diese bequem online bestellen. Jedes St\u00fcck ist perfekt f\u00fcr besondere Anl\u00e4sse geeignet, mit luxuri\u00f6sen Materialien und raffinierten Details, die Ihre Sommergarderobe veredeln. Diese Kollektion verk\u00f6rpert die zeitlose Eleganz, f\u00fcr die Anse Victorin steht, und reflektiert die Essenz des stilvollen Lebens.<br \/>Entdecken Sie unseren <a href=\"https:\/\/ansevictorin.com\/inspiration-en\/how-to-style-cote-damour\/\">Style Guide zur C\u00f4te d\u2019Amour Kollektion<\/a> und stellen Sie Ihre pers\u00f6nlichen Lieblings-Outfits zusammen. Hier finden Sie exklusive Styling-Tipps, aktuelle Trends und neueste Mode-Highlights, die Sie stilvoll durch den Sommer begleiten werden.<br \/>M\u00f6chten Sie Ihren Auftritt zu einem unvergesslichen Ereignis machen? Wir bieten <a href=\"https:\/\/ansevictorin.com\/massanfertigung\/\">ma\u00dfgeschneiderte Kleider<\/a> f\u00fcr besondere Anl\u00e4sse, einzigartige Urlaubsst\u00fccke oder individuell gestaltete Pieces f\u00fcr Ihre pers\u00f6nliche Garderobe an. Exklusiv f\u00fcr Sie \u2013 Anse Victorin.<\/p>\t\t\t\t\t\t\t\t<\/div>\n\t\t\t\t<\/div>\n\t\t\t\t\t<\/div>\n\t\t\t\t<\/div>\n\t\t\t\t<\/div>\n\t\t","protected":false},"excerpt":{"rendered":"<p>Discover our beach couture collection: airy dresses, delicate blouses and sophisticated tops, shorts and swimwear for a stylish appearance on your summer holiday Immerse yourself in the world of Anse Victorin! Tops &amp; blouses Dresses Caftans Pants &amp; Shorts Skirts Limited Edition Elegante Sommerkleider aus edelsten Stoffen Das moderne und gleichzeitig zeitlose Design unserer Kleider [&hellip;]<\/p>\n","protected":false},"author":2,"featured_media":0,"parent":0,"menu_order":0,"comment_status":"closed","ping_status":"closed","template":"","meta":{"_acf_changed":false,"footnotes":""},"class_list":["post-9416","page","type-page","status-publish","hentry"],"acf":[],"yoast_head":"<!-- This site is optimized with the Yoast SEO plugin v27.4 - https:\/\/yoast.com\/product\/yoast-seo-wordpress\/ -->\n<title>Ready to wear | Anse Victorin<\/title>\n<meta name=\"description\" content=\"Discover our beach couture collection: Airy dresses, delicate blouses and sophisticated tops, shorts and swimwear for a chic appearance on the beach or by the pool. Immerse yourself in the world of Anse Victorin!\" \/>\n<meta name=\"robots\" content=\"index, follow, max-snippet:-1, max-image-preview:large, max-video-preview:-1\" \/>\n<link rel=\"canonical\" href=\"https:\/\/ansevictorin.com\/en\/ready-to-wear\/\" \/>\n<meta property=\"og:locale\" content=\"en_US\" \/>\n<meta property=\"og:type\" content=\"article\" \/>\n<meta property=\"og:title\" content=\"Ready to wear | Anse Victorin\" \/>\n<meta property=\"og:description\" content=\"Discover our beach couture collection: Airy dresses, delicate blouses and sophisticated tops, shorts and swimwear for a chic appearance on the beach or by the pool. Immerse yourself in the world of Anse Victorin!\" \/>\n<meta property=\"og:url\" content=\"https:\/\/ansevictorin.com\/en\/ready-to-wear\/\" \/>\n<meta property=\"og:site_name\" content=\"Anse Victorin\" \/>\n<meta property=\"article:modified_time\" content=\"2025-06-24T19:36:01+00:00\" \/>\n<meta name=\"twitter:card\" content=\"summary_large_image\" \/>\n<meta name=\"twitter:label1\" content=\"Est. reading time\" \/>\n\t<meta name=\"twitter:data1\" content=\"1 minute\" \/>\n<script type=\"application\/ld+json\" class=\"yoast-schema-graph\">{\"@context\":\"https:\\\/\\\/schema.org\",\"@graph\":[{\"@type\":\"WebPage\",\"@id\":\"https:\\\/\\\/ansevictorin.com\\\/en\\\/ready-to-wear\\\/\",\"url\":\"https:\\\/\\\/ansevictorin.com\\\/en\\\/ready-to-wear\\\/\",\"name\":\"Ready to wear | Anse Victorin\",\"isPartOf\":{\"@id\":\"https:\\\/\\\/ansevictorin.com\\\/#website\"},\"datePublished\":\"2023-11-01T16:49:41+00:00\",\"dateModified\":\"2025-06-24T19:36:01+00:00\",\"description\":\"Discover our beach couture collection: Airy dresses, delicate blouses and sophisticated tops, shorts and swimwear for a chic appearance on the beach or by the pool. Immerse yourself in the world of Anse Victorin!\",\"inLanguage\":\"en-US\",\"potentialAction\":[{\"@type\":\"ReadAction\",\"target\":[\"https:\\\/\\\/ansevictorin.com\\\/en\\\/ready-to-wear\\\/\"]}]},{\"@type\":\"WebSite\",\"@id\":\"https:\\\/\\\/ansevictorin.com\\\/#website\",\"url\":\"https:\\\/\\\/ansevictorin.com\\\/\",\"name\":\"Anse Victorin\",\"description\":\"Beach Wear auf Couture Level\",\"publisher\":{\"@id\":\"https:\\\/\\\/ansevictorin.com\\\/#organization\"},\"potentialAction\":[{\"@type\":\"SearchAction\",\"target\":{\"@type\":\"EntryPoint\",\"urlTemplate\":\"https:\\\/\\\/ansevictorin.com\\\/?s={search_term_string}\"},\"query-input\":{\"@type\":\"PropertyValueSpecification\",\"valueRequired\":true,\"valueName\":\"search_term_string\"}}],\"inLanguage\":\"en-US\"},{\"@type\":\"Organization\",\"@id\":\"https:\\\/\\\/ansevictorin.com\\\/#organization\",\"name\":\"Anse Victorin\",\"url\":\"https:\\\/\\\/ansevictorin.com\\\/\",\"logo\":{\"@type\":\"ImageObject\",\"inLanguage\":\"en-US\",\"@id\":\"https:\\\/\\\/ansevictorin.com\\\/#\\\/schema\\\/logo\\\/image\\\/\",\"url\":\"https:\\\/\\\/ansevictorin.com\\\/wp-content\\\/uploads\\\/2023\\\/05\\\/Anse_Victorin.svg\",\"contentUrl\":\"https:\\\/\\\/ansevictorin.com\\\/wp-content\\\/uploads\\\/2023\\\/05\\\/Anse_Victorin.svg\",\"width\":429,\"height\":80,\"caption\":\"Anse Victorin\"},\"image\":{\"@id\":\"https:\\\/\\\/ansevictorin.com\\\/#\\\/schema\\\/logo\\\/image\\\/\"},\"sameAs\":[\"https:\\\/\\\/www.instagram.com\\\/anse_victorin\\\/\"]}]}<\/script>\n<!-- \/ Yoast SEO plugin. -->","yoast_head_json":{"title":"Ready to wear | Anse Victorin","description":"Discover our beach couture collection: Airy dresses, delicate blouses and sophisticated tops, shorts and swimwear for a chic appearance on the beach or by the pool. Immerse yourself in the world of Anse Victorin!","robots":{"index":"index","follow":"follow","max-snippet":"max-snippet:-1","max-image-preview":"max-image-preview:large","max-video-preview":"max-video-preview:-1"},"canonical":"https:\/\/ansevictorin.com\/en\/ready-to-wear\/","og_locale":"en_US","og_type":"article","og_title":"Ready to wear | Anse Victorin","og_description":"Discover our beach couture collection: Airy dresses, delicate blouses and sophisticated tops, shorts and swimwear for a chic appearance on the beach or by the pool. Immerse yourself in the world of Anse Victorin!","og_url":"https:\/\/ansevictorin.com\/en\/ready-to-wear\/","og_site_name":"Anse Victorin","article_modified_time":"2025-06-24T19:36:01+00:00","twitter_card":"summary_large_image","twitter_misc":{"Est. reading time":"1 minute"},"schema":{"@context":"https:\/\/schema.org","@graph":[{"@type":"WebPage","@id":"https:\/\/ansevictorin.com\/en\/ready-to-wear\/","url":"https:\/\/ansevictorin.com\/en\/ready-to-wear\/","name":"Ready to wear | Anse Victorin","isPartOf":{"@id":"https:\/\/ansevictorin.com\/#website"},"datePublished":"2023-11-01T16:49:41+00:00","dateModified":"2025-06-24T19:36:01+00:00","description":"Discover our beach couture collection: Airy dresses, delicate blouses and sophisticated tops, shorts and swimwear for a chic appearance on the beach or by the pool. Immerse yourself in the world of Anse Victorin!","inLanguage":"en-US","potentialAction":[{"@type":"ReadAction","target":["https:\/\/ansevictorin.com\/en\/ready-to-wear\/"]}]},{"@type":"WebSite","@id":"https:\/\/ansevictorin.com\/#website","url":"https:\/\/ansevictorin.com\/","name":"Anse Victorin","description":"Beach Wear auf Couture Level","publisher":{"@id":"https:\/\/ansevictorin.com\/#organization"},"potentialAction":[{"@type":"SearchAction","target":{"@type":"EntryPoint","urlTemplate":"https:\/\/ansevictorin.com\/?s={search_term_string}"},"query-input":{"@type":"PropertyValueSpecification","valueRequired":true,"valueName":"search_term_string"}}],"inLanguage":"en-US"},{"@type":"Organization","@id":"https:\/\/ansevictorin.com\/#organization","name":"Anse Victorin","url":"https:\/\/ansevictorin.com\/","logo":{"@type":"ImageObject","inLanguage":"en-US","@id":"https:\/\/ansevictorin.com\/#\/schema\/logo\/image\/","url":"https:\/\/ansevictorin.com\/wp-content\/uploads\/2023\/05\/Anse_Victorin.svg","contentUrl":"https:\/\/ansevictorin.com\/wp-content\/uploads\/2023\/05\/Anse_Victorin.svg","width":429,"height":80,"caption":"Anse Victorin"},"image":{"@id":"https:\/\/ansevictorin.com\/#\/schema\/logo\/image\/"},"sameAs":["https:\/\/www.instagram.com\/anse_victorin\/"]}]}},"_links":{"self":[{"href":"https:\/\/ansevictorin.com\/en\/wp-json\/wp\/v2\/pages\/9416","targetHints":{"allow":["GET"]}}],"collection":[{"href":"https:\/\/ansevictorin.com\/en\/wp-json\/wp\/v2\/pages"}],"about":[{"href":"https:\/\/ansevictorin.com\/en\/wp-json\/wp\/v2\/types\/page"}],"author":[{"embeddable":true,"href":"https:\/\/ansevictorin.com\/en\/wp-json\/wp\/v2\/users\/2"}],"replies":[{"embeddable":true,"href":"https:\/\/ansevictorin.com\/en\/wp-json\/wp\/v2\/comments?post=9416"}],"version-history":[{"count":14,"href":"https:\/\/ansevictorin.com\/en\/wp-json\/wp\/v2\/pages\/9416\/revisions"}],"predecessor-version":[{"id":14129,"href":"https:\/\/ansevictorin.com\/en\/wp-json\/wp\/v2\/pages\/9416\/revisions\/14129"}],"wp:attachment":[{"href":"https:\/\/ansevictorin.com\/en\/wp-json\/wp\/v2\/media?parent=9416"}],"curies":[{"name":"wp","href":"https:\/\/api.w.org\/{rel}","templated":true}]}}