{"id":9318,"date":"2024-01-16T14:09:15","date_gmt":"2024-01-16T14:09:15","guid":{"rendered":"https:\/\/ansevictorin.com\/size-chart\/"},"modified":"2024-01-23T09:15:58","modified_gmt":"2024-01-23T09:15:58","slug":"size-chart","status":"publish","type":"page","link":"https:\/\/ansevictorin.com\/en\/size-chart\/","title":{"rendered":"Size chart"},"content":{"rendered":"\t\t<div data-elementor-type=\"wp-page\" data-elementor-id=\"9318\" class=\"elementor elementor-9318 elementor-7864\" data-elementor-post-type=\"page\">\n\t\t\t\t<div class=\"elementor-element elementor-element-0038f55 e-flex e-con-boxed e-con e-parent\" data-id=\"0038f55\" data-element_type=\"container\" data-e-type=\"container\" data-settings=\"{&quot;jet_parallax_layout_list&quot;:[]}\">\n\t\t\t\t\t<div class=\"e-con-inner\">\n\t\t<div class=\"elementor-element elementor-element-9f26c86 e-con-full e-flex e-con e-child\" data-id=\"9f26c86\" data-element_type=\"container\" data-e-type=\"container\" data-settings=\"{&quot;jet_parallax_layout_list&quot;:[]}\">\n\t\t\t\t<div class=\"elementor-element elementor-element-18862b0 elementor-widget elementor-widget-woocommerce-breadcrumb\" data-id=\"18862b0\" data-element_type=\"widget\" data-e-type=\"widget\" data-widget_type=\"woocommerce-breadcrumb.default\">\n\t\t\t\t\t<nav class=\"woocommerce-breadcrumb\" aria-label=\"Breadcrumb\">Home<\/nav>\t\t\t\t<\/div>\n\t\t\t\t<div class=\"elementor-element elementor-element-08e2331 elementor-hidden-desktop elementor-hidden-tablet elementor-hidden-mobile elementor-widget elementor-widget-theme-site-title elementor-widget-heading\" data-id=\"08e2331\" data-element_type=\"widget\" data-e-type=\"widget\" data-widget_type=\"theme-site-title.default\">\n\t\t\t\t\t<h1 class=\"elementor-heading-title elementor-size-default\"><a href=\"https:\/\/ansevictorin.com\/en\/\">Anse Victorin<\/a><\/h1>\t\t\t\t<\/div>\n\t\t\t\t<\/div>\n\t\t\t\t\t<\/div>\n\t\t\t\t<\/div>\n\t\t<div class=\"elementor-element elementor-element-3179b68a e-flex e-con-boxed e-con e-parent\" data-id=\"3179b68a\" data-element_type=\"container\" data-e-type=\"container\" data-settings=\"{&quot;jet_parallax_layout_list&quot;:[]}\">\n\t\t\t\t\t<div class=\"e-con-inner\">\n\t\t<div class=\"elementor-element elementor-element-3bf9d645 e-con-full e-flex e-con e-child\" data-id=\"3bf9d645\" data-element_type=\"container\" data-e-type=\"container\" data-settings=\"{&quot;jet_parallax_layout_list&quot;:[]}\">\n\t\t\t\t<\/div>\n\t\t\t\t\t<\/div>\n\t\t\t\t<\/div>\n\t\t<div class=\"elementor-element elementor-element-ff16d44 e-flex e-con-boxed e-con e-parent\" data-id=\"ff16d44\" data-element_type=\"container\" data-e-type=\"container\" data-settings=\"{&quot;jet_parallax_layout_list&quot;:[]}\">\n\t\t\t\t\t<div class=\"e-con-inner\">\n\t\t<div class=\"elementor-element elementor-element-54eb7a2 e-con-full e-flex e-con e-child\" data-id=\"54eb7a2\" data-element_type=\"container\" data-e-type=\"container\" data-settings=\"{&quot;jet_parallax_layout_list&quot;:[]}\">\n\t\t\t\t<div class=\"elementor-element elementor-element-fa644f1 elementor-widget elementor-widget-jet-table\" data-id=\"fa644f1\" data-element_type=\"widget\" data-e-type=\"widget\" data-widget_type=\"jet-table.default\">\n\t\t\t\t<div class=\"elementor-widget-container\">\n\t\t\t\t\t<div class=\"elementor-jet-table jet-elements\">\n\t\t<div class=\"jet-table-wrapper jet-table-responsive-desktop jet-table-responsive-tablet jet-table-responsive-mobile\">\n\t\t\t<table class=\"jet-table jet-table--fa5-compat\">\n\t\t\t\t<thead class=\"jet-table__head\"><tr class=\"jet-table__head-row\"><th class=\"jet-table__cell elementor-repeater-item-1c22eba jet-table__head-cell\" scope=\"col\"><div class=\"jet-table__cell-inner\"><div class=\"jet-table__cell-content\"><div class=\"jet-table__cell-text\">Gr\u00f6\u00dfe <br>cm<\/div><\/div><\/div><\/th><th class=\"jet-table__cell elementor-repeater-item-e1431a1 jet-table__head-cell\" scope=\"col\"><div class=\"jet-table__cell-inner\"><div class=\"jet-table__cell-content\"><div class=\"jet-table__cell-text\">36 <br>XS<\/div><\/div><\/div><\/th><th class=\"jet-table__cell elementor-repeater-item-cfb0cf1 jet-table__head-cell\" scope=\"col\"><div class=\"jet-table__cell-inner\"><div class=\"jet-table__cell-content\"><div class=\"jet-table__cell-text\">38 <br>S<\/div><\/div><\/div><\/th><th class=\"jet-table__cell elementor-repeater-item-23ff8c4 jet-table__head-cell\" scope=\"col\"><div class=\"jet-table__cell-inner\"><div class=\"jet-table__cell-content\"><div class=\"jet-table__cell-text\">40 <br>M<\/div><\/div><\/div><\/th><th class=\"jet-table__cell elementor-repeater-item-67f7c94 jet-table__head-cell\" scope=\"col\"><div class=\"jet-table__cell-inner\"><div class=\"jet-table__cell-content\"><div class=\"jet-table__cell-text\">42 <br>L<\/div><\/div><\/div><\/th><th class=\"jet-table__cell elementor-repeater-item-65248a8 jet-table__head-cell\" scope=\"col\"><div class=\"jet-table__cell-inner\"><div class=\"jet-table__cell-content\"><div class=\"jet-table__cell-text\">44 <br>XL<\/div><\/div><\/div><\/th><\/tr><\/thead>\n\t\t\t\t\t\t\t\t<tbody class=\"jet-table__body\"><tr class=\"jet-table__body-row elementor-repeater-item-96cc42c\"><td class=\"jet-table__cell elementor-repeater-item-c99168c jet-table__body-cell\"><div class=\"jet-table__cell-inner\"><div class=\"jet-table__cell-content\"><div class=\"jet-table__cell-text\">Brustumfang<\/div><\/div><\/div><\/td><td class=\"jet-table__cell elementor-repeater-item-e98e027 jet-table__body-cell\"><div class=\"jet-table__cell-inner\"><div class=\"jet-table__cell-content\"><div class=\"jet-table__cell-text\">80<\/div><\/div><\/div><\/td><td class=\"jet-table__cell elementor-repeater-item-2482f20 jet-table__body-cell\"><div class=\"jet-table__cell-inner\"><div class=\"jet-table__cell-content\"><div class=\"jet-table__cell-text\">84<\/div><\/div><\/div><\/td><td class=\"jet-table__cell elementor-repeater-item-88eddff jet-table__body-cell\"><div class=\"jet-table__cell-inner\"><div class=\"jet-table__cell-content\"><div class=\"jet-table__cell-text\">88<\/div><\/div><\/div><\/td><td class=\"jet-table__cell elementor-repeater-item-add1e0c jet-table__body-cell\"><div class=\"jet-table__cell-inner\"><div class=\"jet-table__cell-content\"><div class=\"jet-table__cell-text\">92<\/div><\/div><\/div><\/td><td class=\"jet-table__cell elementor-repeater-item-dbb7f4a jet-table__body-cell\"><div class=\"jet-table__cell-inner\"><div class=\"jet-table__cell-content\"><div class=\"jet-table__cell-text\">96<\/div><\/div><\/div><\/td><\/tr><tr class=\"jet-table__body-row elementor-repeater-item-0850547\"><td class=\"jet-table__cell elementor-repeater-item-7ccd989 jet-table__body-cell\"><div class=\"jet-table__cell-inner\"><div class=\"jet-table__cell-content\"><div class=\"jet-table__cell-text\">Taillenumfang<\/div><\/div><\/div><\/td><td class=\"jet-table__cell elementor-repeater-item-bcbd97c jet-table__body-cell\"><div class=\"jet-table__cell-inner\"><div class=\"jet-table__cell-content\"><div class=\"jet-table__cell-text\">64<\/div><\/div><\/div><\/td><td class=\"jet-table__cell elementor-repeater-item-6287520 jet-table__body-cell\"><div class=\"jet-table__cell-inner\"><div class=\"jet-table__cell-content\"><div class=\"jet-table__cell-text\">68<\/div><\/div><\/div><\/td><td class=\"jet-table__cell elementor-repeater-item-c3a0afd jet-table__body-cell\"><div class=\"jet-table__cell-inner\"><div class=\"jet-table__cell-content\"><div class=\"jet-table__cell-text\">72<\/div><\/div><\/div><\/td><td class=\"jet-table__cell elementor-repeater-item-b0e5cb5 jet-table__body-cell\"><div class=\"jet-table__cell-inner\"><div class=\"jet-table__cell-content\"><div class=\"jet-table__cell-text\">76<\/div><\/div><\/div><\/td><td class=\"jet-table__cell elementor-repeater-item-a49d4fc jet-table__body-cell\"><div class=\"jet-table__cell-inner\"><div class=\"jet-table__cell-content\"><div class=\"jet-table__cell-text\">80<\/div><\/div><\/div><\/td><\/tr><tr class=\"jet-table__body-row elementor-repeater-item-4e6cceb\"><td class=\"jet-table__cell elementor-repeater-item-08a63b3 jet-table__body-cell\"><div class=\"jet-table__cell-inner\"><div class=\"jet-table__cell-content\"><div class=\"jet-table__cell-text\">H\u00fcftumfang<\/div><\/div><\/div><\/td><td class=\"jet-table__cell elementor-repeater-item-aa58be5 jet-table__body-cell\"><div class=\"jet-table__cell-inner\"><div class=\"jet-table__cell-content\"><div class=\"jet-table__cell-text\">91<\/div><\/div><\/div><\/td><td class=\"jet-table__cell elementor-repeater-item-de1a598 jet-table__body-cell\"><div class=\"jet-table__cell-inner\"><div class=\"jet-table__cell-content\"><div class=\"jet-table__cell-text\">94<\/div><\/div><\/div><\/td><td class=\"jet-table__cell elementor-repeater-item-fa961d7 jet-table__body-cell\"><div class=\"jet-table__cell-inner\"><div class=\"jet-table__cell-content\"><div class=\"jet-table__cell-text\">97<\/div><\/div><\/div><\/td><td class=\"jet-table__cell elementor-repeater-item-331eb7b jet-table__body-cell\"><div class=\"jet-table__cell-inner\"><div class=\"jet-table__cell-content\"><div class=\"jet-table__cell-text\">100<\/div><\/div><\/div><\/td><td class=\"jet-table__cell elementor-repeater-item-77fd198 jet-table__body-cell\"><div class=\"jet-table__cell-inner\"><div class=\"jet-table__cell-content\"><div class=\"jet-table__cell-text\">103<\/div><\/div><\/div><\/td><\/tr><\/tbody>\n\t\t\t<\/table>\n\t\t<\/div>\n\n\t\t<\/div>\t\t\t\t<\/div>\n\t\t\t\t<\/div>\n\t\t\t\t<\/div>\n\t\t\t\t\t<\/div>\n\t\t\t\t<\/div>\n\t\t<div class=\"elementor-element elementor-element-f40b994 e-flex e-con-boxed e-con e-parent\" data-id=\"f40b994\" data-element_type=\"container\" data-e-type=\"container\" data-settings=\"{&quot;jet_parallax_layout_list&quot;:[]}\">\n\t\t\t\t\t<div class=\"e-con-inner\">\n\t\t<div class=\"elementor-element elementor-element-7a9a0dd e-con-full e-flex e-con e-child\" data-id=\"7a9a0dd\" data-element_type=\"container\" data-e-type=\"container\" data-settings=\"{&quot;jet_parallax_layout_list&quot;:[]}\">\n\t\t\t\t<div class=\"elementor-element elementor-element-31de746 elementor-widget elementor-widget-global elementor-global-9444 elementor-global-8187 elementor-widget-jet-table\" data-id=\"31de746\" data-element_type=\"widget\" data-e-type=\"widget\" data-widget_type=\"jet-table.default\">\n\t\t\t\t<div class=\"elementor-widget-container\">\n\t\t\t\t\t<div class=\"elementor-jet-table jet-elements\">\n\t\t<div class=\"jet-table-wrapper jet-table-responsive-desktop jet-table-responsive-tablet jet-table-responsive-mobile\">\n\t\t\t<table class=\"jet-table jet-table--fa5-compat\">\n\t\t\t\t<thead class=\"jet-table__head\"><tr class=\"jet-table__head-row\"><th class=\"jet-table__cell elementor-repeater-item-1c22eba jet-table__head-cell\" scope=\"col\"><div class=\"jet-table__cell-inner\"><div class=\"jet-table__cell-content\"><div class=\"jet-table__cell-text\">Size Conversion Chart<\/div><\/div><\/div><\/th><th class=\"jet-table__cell elementor-repeater-item-38d0bcb jet-table__head-cell\" scope=\"col\"><div class=\"jet-table__cell-inner\"><div class=\"jet-table__cell-content\"><div class=\"jet-table__cell-text\">XXS<\/div><\/div><\/div><\/th><th class=\"jet-table__cell elementor-repeater-item-e1431a1 jet-table__head-cell\" scope=\"col\"><div class=\"jet-table__cell-inner\"><div class=\"jet-table__cell-content\"><div class=\"jet-table__cell-text\">XS<\/div><\/div><\/div><\/th><th class=\"jet-table__cell elementor-repeater-item-cfb0cf1 jet-table__head-cell\" scope=\"col\"><div class=\"jet-table__cell-inner\"><div class=\"jet-table__cell-content\"><div class=\"jet-table__cell-text\">S<\/div><\/div><\/div><\/th><th class=\"jet-table__cell elementor-repeater-item-23ff8c4 jet-table__head-cell\" scope=\"col\"><div class=\"jet-table__cell-inner\"><div class=\"jet-table__cell-content\"><div class=\"jet-table__cell-text\">M<\/div><\/div><\/div><\/th><th class=\"jet-table__cell elementor-repeater-item-67f7c94 jet-table__head-cell\" scope=\"col\"><div class=\"jet-table__cell-inner\"><div class=\"jet-table__cell-content\"><div class=\"jet-table__cell-text\">L<\/div><\/div><\/div><\/th><th class=\"jet-table__cell elementor-repeater-item-65248a8 jet-table__head-cell\" scope=\"col\"><div class=\"jet-table__cell-inner\"><div class=\"jet-table__cell-content\"><div class=\"jet-table__cell-text\">XL<\/div><\/div><\/div><\/th><\/tr><\/thead>\n\t\t\t\t\t\t\t\t<tbody class=\"jet-table__body\"><tr class=\"jet-table__body-row elementor-repeater-item-96cc42c\"><td class=\"jet-table__cell elementor-repeater-item-c99168c jet-table__body-cell\"><div class=\"jet-table__cell-inner\"><div class=\"jet-table__cell-content\"><div class=\"jet-table__cell-text\">AUS\/UK<\/div><\/div><\/div><\/td><td class=\"jet-table__cell elementor-repeater-item-b15d53b jet-table__body-cell\"><div class=\"jet-table__cell-inner\"><div class=\"jet-table__cell-content\"><div class=\"jet-table__cell-text\">6<\/div><\/div><\/div><\/td><td class=\"jet-table__cell elementor-repeater-item-2482f20 jet-table__body-cell\"><div class=\"jet-table__cell-inner\"><div class=\"jet-table__cell-content\"><div class=\"jet-table__cell-text\">8<\/div><\/div><\/div><\/td><td class=\"jet-table__cell elementor-repeater-item-88eddff jet-table__body-cell\"><div class=\"jet-table__cell-inner\"><div class=\"jet-table__cell-content\"><div class=\"jet-table__cell-text\">10<\/div><\/div><\/div><\/td><td class=\"jet-table__cell elementor-repeater-item-add1e0c jet-table__body-cell\"><div class=\"jet-table__cell-inner\"><div class=\"jet-table__cell-content\"><div class=\"jet-table__cell-text\">12<\/div><\/div><\/div><\/td><td class=\"jet-table__cell elementor-repeater-item-dbb7f4a jet-table__body-cell\"><div class=\"jet-table__cell-inner\"><div class=\"jet-table__cell-content\"><div class=\"jet-table__cell-text\">14<\/div><\/div><\/div><\/td><td class=\"jet-table__cell elementor-repeater-item-1120460 jet-table__body-cell\"><div class=\"jet-table__cell-inner\"><div class=\"jet-table__cell-content\"><div class=\"jet-table__cell-text\">16<\/div><\/div><\/div><\/td><\/tr><tr class=\"jet-table__body-row elementor-repeater-item-0850547\"><td class=\"jet-table__cell elementor-repeater-item-7ccd989 jet-table__body-cell\"><div class=\"jet-table__cell-inner\"><div class=\"jet-table__cell-content\"><div class=\"jet-table__cell-text\">France<\/div><\/div><\/div><\/td><td class=\"jet-table__cell elementor-repeater-item-76d5a9c jet-table__body-cell\"><div class=\"jet-table__cell-inner\"><div class=\"jet-table__cell-content\"><div class=\"jet-table__cell-text\">34<\/div><\/div><\/div><\/td><td class=\"jet-table__cell elementor-repeater-item-c3a0afd jet-table__body-cell\"><div class=\"jet-table__cell-inner\"><div class=\"jet-table__cell-content\"><div class=\"jet-table__cell-text\">36<\/div><\/div><\/div><\/td><td class=\"jet-table__cell elementor-repeater-item-3b752e4 jet-table__body-cell\"><div class=\"jet-table__cell-inner\"><div class=\"jet-table__cell-content\"><div class=\"jet-table__cell-text\">38<\/div><\/div><\/div><\/td><td class=\"jet-table__cell elementor-repeater-item-b0e5cb5 jet-table__body-cell\"><div class=\"jet-table__cell-inner\"><div class=\"jet-table__cell-content\"><div class=\"jet-table__cell-text\">40<\/div><\/div><\/div><\/td><td class=\"jet-table__cell elementor-repeater-item-a49d4fc jet-table__body-cell\"><div class=\"jet-table__cell-inner\"><div class=\"jet-table__cell-content\"><div class=\"jet-table__cell-text\">42<\/div><\/div><\/div><\/td><td class=\"jet-table__cell elementor-repeater-item-8deb095 jet-table__body-cell\"><div class=\"jet-table__cell-inner\"><div class=\"jet-table__cell-content\"><div class=\"jet-table__cell-text\">44<\/div><\/div><\/div><\/td><\/tr><tr class=\"jet-table__body-row elementor-repeater-item-4e6cceb\"><td class=\"jet-table__cell elementor-repeater-item-08a63b3 jet-table__body-cell\"><div class=\"jet-table__cell-inner\"><div class=\"jet-table__cell-content\"><div class=\"jet-table__cell-text\">Italy<\/div><\/div><\/div><\/td><td class=\"jet-table__cell elementor-repeater-item-19a95e2 jet-table__body-cell\"><div class=\"jet-table__cell-inner\"><div class=\"jet-table__cell-content\"><div class=\"jet-table__cell-text\">38<\/div><\/div><\/div><\/td><td class=\"jet-table__cell elementor-repeater-item-de1a598 jet-table__body-cell\"><div class=\"jet-table__cell-inner\"><div class=\"jet-table__cell-content\"><div class=\"jet-table__cell-text\">40<\/div><\/div><\/div><\/td><td class=\"jet-table__cell elementor-repeater-item-31bb5f7 jet-table__body-cell\"><div class=\"jet-table__cell-inner\"><div class=\"jet-table__cell-content\"><div class=\"jet-table__cell-text\">42<\/div><\/div><\/div><\/td><td class=\"jet-table__cell elementor-repeater-item-fa961d7 jet-table__body-cell\"><div class=\"jet-table__cell-inner\"><div class=\"jet-table__cell-content\"><div class=\"jet-table__cell-text\">44<\/div><\/div><\/div><\/td><td class=\"jet-table__cell elementor-repeater-item-331eb7b jet-table__body-cell\"><div class=\"jet-table__cell-inner\"><div class=\"jet-table__cell-content\"><div class=\"jet-table__cell-text\">46<\/div><\/div><\/div><\/td><td class=\"jet-table__cell elementor-repeater-item-f6d3bee jet-table__body-cell\"><div class=\"jet-table__cell-inner\"><div class=\"jet-table__cell-content\"><div class=\"jet-table__cell-text\">48<\/div><\/div><\/div><\/td><\/tr><tr class=\"jet-table__body-row elementor-repeater-item-64dfc02\"><td class=\"jet-table__cell elementor-repeater-item-76f46ab jet-table__body-cell\"><div class=\"jet-table__cell-inner\"><div class=\"jet-table__cell-content\"><div class=\"jet-table__cell-text\">US<\/div><\/div><\/div><\/td><td class=\"jet-table__cell elementor-repeater-item-a164e01 jet-table__body-cell\"><div class=\"jet-table__cell-inner\"><div class=\"jet-table__cell-content\"><div class=\"jet-table__cell-text\">2<\/div><\/div><\/div><\/td><td class=\"jet-table__cell elementor-repeater-item-27af6d0 jet-table__body-cell\"><div class=\"jet-table__cell-inner\"><div class=\"jet-table__cell-content\"><div class=\"jet-table__cell-text\">4<\/div><\/div><\/div><\/td><td class=\"jet-table__cell elementor-repeater-item-326eb10 jet-table__body-cell\"><div class=\"jet-table__cell-inner\"><div class=\"jet-table__cell-content\"><div class=\"jet-table__cell-text\">6<\/div><\/div><\/div><\/td><td class=\"jet-table__cell elementor-repeater-item-2760e6c jet-table__body-cell\"><div class=\"jet-table__cell-inner\"><div class=\"jet-table__cell-content\"><div class=\"jet-table__cell-text\">8<\/div><\/div><\/div><\/td><td class=\"jet-table__cell elementor-repeater-item-97421b2 jet-table__body-cell\"><div class=\"jet-table__cell-inner\"><div class=\"jet-table__cell-content\"><div class=\"jet-table__cell-text\">10<\/div><\/div><\/div><\/td><td class=\"jet-table__cell elementor-repeater-item-725a539 jet-table__body-cell\"><div class=\"jet-table__cell-inner\"><div class=\"jet-table__cell-content\"><div class=\"jet-table__cell-text\">12<\/div><\/div><\/div><\/td><\/tr><\/tbody>\n\t\t\t<\/table>\n\t\t<\/div>\n\n\t\t<\/div>\t\t\t\t<\/div>\n\t\t\t\t<\/div>\n\t\t\t\t<\/div>\n\t\t\t\t\t<\/div>\n\t\t\t\t<\/div>\n\t\t\t\t<\/div>\n\t\t","protected":false},"excerpt":{"rendered":"<p>Gr\u00f6\u00dfe cm 36 XS 38 S 40 M 42 L 44 XL Brustumfang 80 84 88 92 96 Taillenumfang 64 68 72 76 80 H\u00fcftumfang 91 94 97 100 103 Size Conversion Chart XS S M L XL AUS\/UK 8 10 12 14 16 Frankreich 36 38 40 42 44 Italien 40 42 44 46 [&hellip;]<\/p>\n","protected":false},"author":2,"featured_media":0,"parent":0,"menu_order":0,"comment_status":"closed","ping_status":"closed","template":"","meta":{"_acf_changed":false,"footnotes":""},"class_list":["post-9318","page","type-page","status-publish","hentry"],"acf":[],"yoast_head":"<!-- This site is optimized with the Yoast SEO plugin v27.4 - https:\/\/yoast.com\/product\/yoast-seo-wordpress\/ -->\n<title>Size chart | Anse Victorin<\/title>\n<meta name=\"robots\" content=\"index, follow, max-snippet:-1, max-image-preview:large, max-video-preview:-1\" \/>\n<link rel=\"canonical\" href=\"https:\/\/ansevictorin.com\/groessentabelle\/\" \/>\n<meta property=\"og:locale\" content=\"en_US\" \/>\n<meta property=\"og:type\" content=\"article\" \/>\n<meta property=\"og:title\" content=\"Size chart | Anse Victorin\" \/>\n<meta property=\"og:description\" content=\"Gr\u00f6\u00dfe cm 36 XS 38 S 40 M 42 L 44 XL Brustumfang 80 84 88 92 96 Taillenumfang 64 68 72 76 80 H\u00fcftumfang 91 94 97 100 103 Size Conversion Chart XS S M L XL AUS\/UK 8 10 12 14 16 Frankreich 36 38 40 42 44 Italien 40 42 44 46 [&hellip;]\" \/>\n<meta property=\"og:url\" content=\"https:\/\/ansevictorin.com\/groessentabelle\/\" \/>\n<meta property=\"og:site_name\" content=\"Anse Victorin\" \/>\n<meta property=\"article:modified_time\" content=\"2024-01-23T09:15:58+00:00\" \/>\n<meta name=\"twitter:card\" content=\"summary_large_image\" \/>\n<meta name=\"twitter:label1\" content=\"Est. reading time\" \/>\n\t<meta name=\"twitter:data1\" content=\"1 minute\" \/>\n<script type=\"application\/ld+json\" class=\"yoast-schema-graph\">{\"@context\":\"https:\\\/\\\/schema.org\",\"@graph\":[{\"@type\":\"WebPage\",\"@id\":\"https:\\\/\\\/ansevictorin.com\\\/groessentabelle\\\/\",\"url\":\"https:\\\/\\\/ansevictorin.com\\\/groessentabelle\\\/\",\"name\":\"Size chart | Anse Victorin\",\"isPartOf\":{\"@id\":\"https:\\\/\\\/ansevictorin.com\\\/#website\"},\"datePublished\":\"2024-01-16T14:09:15+00:00\",\"dateModified\":\"2024-01-23T09:15:58+00:00\",\"inLanguage\":\"en-US\",\"potentialAction\":[{\"@type\":\"ReadAction\",\"target\":[\"https:\\\/\\\/ansevictorin.com\\\/groessentabelle\\\/\"]}]},{\"@type\":\"WebSite\",\"@id\":\"https:\\\/\\\/ansevictorin.com\\\/#website\",\"url\":\"https:\\\/\\\/ansevictorin.com\\\/\",\"name\":\"Anse Victorin\",\"description\":\"Beach Wear auf Couture Level\",\"publisher\":{\"@id\":\"https:\\\/\\\/ansevictorin.com\\\/#organization\"},\"potentialAction\":[{\"@type\":\"SearchAction\",\"target\":{\"@type\":\"EntryPoint\",\"urlTemplate\":\"https:\\\/\\\/ansevictorin.com\\\/?s={search_term_string}\"},\"query-input\":{\"@type\":\"PropertyValueSpecification\",\"valueRequired\":true,\"valueName\":\"search_term_string\"}}],\"inLanguage\":\"en-US\"},{\"@type\":\"Organization\",\"@id\":\"https:\\\/\\\/ansevictorin.com\\\/#organization\",\"name\":\"Anse Victorin\",\"url\":\"https:\\\/\\\/ansevictorin.com\\\/\",\"logo\":{\"@type\":\"ImageObject\",\"inLanguage\":\"en-US\",\"@id\":\"https:\\\/\\\/ansevictorin.com\\\/#\\\/schema\\\/logo\\\/image\\\/\",\"url\":\"https:\\\/\\\/ansevictorin.com\\\/wp-content\\\/uploads\\\/2023\\\/05\\\/Anse_Victorin.svg\",\"contentUrl\":\"https:\\\/\\\/ansevictorin.com\\\/wp-content\\\/uploads\\\/2023\\\/05\\\/Anse_Victorin.svg\",\"width\":429,\"height\":80,\"caption\":\"Anse Victorin\"},\"image\":{\"@id\":\"https:\\\/\\\/ansevictorin.com\\\/#\\\/schema\\\/logo\\\/image\\\/\"},\"sameAs\":[\"https:\\\/\\\/www.instagram.com\\\/anse_victorin\\\/\"]}]}<\/script>\n<!-- \/ Yoast SEO plugin. -->","yoast_head_json":{"title":"Size chart | Anse Victorin","robots":{"index":"index","follow":"follow","max-snippet":"max-snippet:-1","max-image-preview":"max-image-preview:large","max-video-preview":"max-video-preview:-1"},"canonical":"https:\/\/ansevictorin.com\/groessentabelle\/","og_locale":"en_US","og_type":"article","og_title":"Size chart | Anse Victorin","og_description":"Gr\u00f6\u00dfe cm 36 XS 38 S 40 M 42 L 44 XL Brustumfang 80 84 88 92 96 Taillenumfang 64 68 72 76 80 H\u00fcftumfang 91 94 97 100 103 Size Conversion Chart XS S M L XL AUS\/UK 8 10 12 14 16 Frankreich 36 38 40 42 44 Italien 40 42 44 46 [&hellip;]","og_url":"https:\/\/ansevictorin.com\/groessentabelle\/","og_site_name":"Anse Victorin","article_modified_time":"2024-01-23T09:15:58+00:00","twitter_card":"summary_large_image","twitter_misc":{"Est. reading time":"1 minute"},"schema":{"@context":"https:\/\/schema.org","@graph":[{"@type":"WebPage","@id":"https:\/\/ansevictorin.com\/groessentabelle\/","url":"https:\/\/ansevictorin.com\/groessentabelle\/","name":"Size chart | Anse Victorin","isPartOf":{"@id":"https:\/\/ansevictorin.com\/#website"},"datePublished":"2024-01-16T14:09:15+00:00","dateModified":"2024-01-23T09:15:58+00:00","inLanguage":"en-US","potentialAction":[{"@type":"ReadAction","target":["https:\/\/ansevictorin.com\/groessentabelle\/"]}]},{"@type":"WebSite","@id":"https:\/\/ansevictorin.com\/#website","url":"https:\/\/ansevictorin.com\/","name":"Anse Victorin","description":"Beach Wear auf Couture Level","publisher":{"@id":"https:\/\/ansevictorin.com\/#organization"},"potentialAction":[{"@type":"SearchAction","target":{"@type":"EntryPoint","urlTemplate":"https:\/\/ansevictorin.com\/?s={search_term_string}"},"query-input":{"@type":"PropertyValueSpecification","valueRequired":true,"valueName":"search_term_string"}}],"inLanguage":"en-US"},{"@type":"Organization","@id":"https:\/\/ansevictorin.com\/#organization","name":"Anse Victorin","url":"https:\/\/ansevictorin.com\/","logo":{"@type":"ImageObject","inLanguage":"en-US","@id":"https:\/\/ansevictorin.com\/#\/schema\/logo\/image\/","url":"https:\/\/ansevictorin.com\/wp-content\/uploads\/2023\/05\/Anse_Victorin.svg","contentUrl":"https:\/\/ansevictorin.com\/wp-content\/uploads\/2023\/05\/Anse_Victorin.svg","width":429,"height":80,"caption":"Anse Victorin"},"image":{"@id":"https:\/\/ansevictorin.com\/#\/schema\/logo\/image\/"},"sameAs":["https:\/\/www.instagram.com\/anse_victorin\/"]}]}},"_links":{"self":[{"href":"https:\/\/ansevictorin.com\/en\/wp-json\/wp\/v2\/pages\/9318","targetHints":{"allow":["GET"]}}],"collection":[{"href":"https:\/\/ansevictorin.com\/en\/wp-json\/wp\/v2\/pages"}],"about":[{"href":"https:\/\/ansevictorin.com\/en\/wp-json\/wp\/v2\/types\/page"}],"author":[{"embeddable":true,"href":"https:\/\/ansevictorin.com\/en\/wp-json\/wp\/v2\/users\/2"}],"replies":[{"embeddable":true,"href":"https:\/\/ansevictorin.com\/en\/wp-json\/wp\/v2\/comments?post=9318"}],"version-history":[{"count":5,"href":"https:\/\/ansevictorin.com\/en\/wp-json\/wp\/v2\/pages\/9318\/revisions"}],"predecessor-version":[{"id":9329,"href":"https:\/\/ansevictorin.com\/en\/wp-json\/wp\/v2\/pages\/9318\/revisions\/9329"}],"wp:attachment":[{"href":"https:\/\/ansevictorin.com\/en\/wp-json\/wp\/v2\/media?parent=9318"}],"curies":[{"name":"wp","href":"https:\/\/api.w.org\/{rel}","templated":true}]}}